{"id":823,"date":"2026-01-22T18:02:58","date_gmt":"2026-01-22T18:02:58","guid":{"rendered":"https:\/\/fcapp.eu\/?page_id=823"},"modified":"2026-01-22T18:02:58","modified_gmt":"2026-01-22T18:02:58","slug":"projekty","status":"publish","type":"page","link":"https:\/\/fcapp.eu\/sk\/projekty\/","title":{"rendered":"Projekty"},"content":{"rendered":"<p>[et_pb_section fb_built=&#8221;1&#8243; theme_builder_area=&#8221;post_content&#8221; _builder_version=&#8221;4.27.5&#8243; _module_preset=&#8221;default&#8221;][et_pb_row _builder_version=&#8221;4.27.5&#8243; _module_preset=&#8221;default&#8221; theme_builder_area=&#8221;post_content&#8221; hover_enabled=&#8221;0&#8243; sticky_enabled=&#8221;0&#8243;][et_pb_column _builder_version=&#8221;4.27.5&#8243; _module_preset=&#8221;default&#8221; type=&#8221;4_4&#8243; theme_builder_area=&#8221;post_content&#8221;][dipl_tabs _builder_version=&#8221;4.27.5&#8243; _module_preset=&#8221;default&#8221; theme_builder_area=&#8221;post_content&#8221; tab_orientation=&#8221;vertical&#8221; tab_background_color=&#8221;#FFFFFF&#8221; hover_enabled=&#8221;0&#8243; sticky_enabled=&#8221;0&#8243; tab_trigger=&#8221;click&#8221; active_tab_background_color=&#8221;#FFFFFF&#8221; active_title_text_color=&#8221;#7868e4&#8243; active_title_font=&#8221;|600|||||||&#8221;][dipl_tabs_item _builder_version=&#8221;4.27.5&#8243; _module_preset=&#8221;default&#8221; theme_builder_area=&#8221;post_content&#8221; title=&#8221;POPW.01.01.02-06-0002\/20-00&#8243; tab_background_color=&#8221;#FFFFFF&#8221; active_tab_background_color=&#8221;#FFFFFF&#8221; active_title_text_color=&#8221;#7868e4&#8243; active_title_font=&#8221;|600|||||||&#8221; hover_enabled=&#8221;0&#8243; sticky_enabled=&#8221;0&#8243;]<\/p>\n<h2 href=\"#content1\" class=\"text-page__title\">POPW.01.01.02-06-0002\/20-00<\/h2>\n<p>FCapp Sp. z o.o. realizuje umow\u0119 nr POPW.01.01.02-06-0002\/20-00 o dofinansowanie projektu: \u201eFCapp \u2013 Football Challenge App. Rozw\u00f3j aplikacji mobilnej do organizowania wydarze\u0144 sportowych\u201d w ramach Programu Operacyjnego Polska Wschodnia 2014-2020 poddzia\u0142ania 1.1.2: Rozw\u00f3j startup\u00f3w w Polsce Wschodniej.<\/p>\n<p>Celem projektu jest rozbudowa aplikacji FCapp do organizowania wydarze\u0144 sportowych, w tym m.in. sparingu i turnieju pi\u0142karskiego.<br \/>Udost\u0119pnienie aplikacji mobilnej pozwoli na zwi\u0119kszenie grupy docelowej i zwielokrotnienie bazy u\u017cytkownik\u00f3w aplikacji, oraz przygotowanie sp\u00f3\u0142ki i aplikacji do wej\u015bcia na rynki zagraniczne.<\/p>\n<p>Warto\u015b\u0107 projektu: 1 297 095,00 PLN<br \/>Wk\u0142ad Funduszy Europejskich: 991 780,00 PLN<\/p>\n<p>[\/dipl_tabs_item][dipl_tabs_item _builder_version=&#8221;4.27.5&#8243; _module_preset=&#8221;default&#8221; theme_builder_area=&#8221;post_content&#8221; title=&#8221;FELU.02.04-IP.01-0055\/23&#8243; hover_enabled=&#8221;0&#8243; sticky_enabled=&#8221;0&#8243;]<\/p>\n<h2><img decoding=\"async\" src=\"https:\/\/fcapp.eu\/wp-content\/uploads\/2026\/01\/EU.svg\" width=\"undefined\" height=\"undefined\" alt=\"\" class=\"wp-image-784 alignnone size-full\" \/><\/h2>\n<h2>FELU.02.04-IP.01-0055\/23<\/h2>\n<p>FCAPP SP\u00d3\u0141KA AKCYJNA realizuje projekt pt.<span>\u00a0<\/span><strong><em>Cyfryzacja modelu biznesowego \u015bwiadczenia us\u0142ug szans\u0105 rozwoju Sp\u00f3\u0142ki\u201d<span>\u00a0<\/span><\/em><\/strong>nr FELU.02.04-IP.01-0055\/23 w ramach Programu Fundusze Europejskie dla Lubelskiego 2021-2027, wsp\u00f3\u0142finansowanego ze \u015brodk\u00f3w europejskich.<\/p>\n<p><strong>Cel projektu:<br \/><\/strong>Realizacja projektu zwi\u0105zana jest z cyfryzacj\u0105 proces\u00f3w biznesowych realizowanych w ramach dzia\u0142alno\u015bci gospodarczej prowadzonej przez Sp\u00f3\u0142k\u0119.<\/p>\n<p>W ramach realizacji projektu, zaplanowano:<br \/>\u2013 zakup warto\u015bci niematerialnych i prawnych w postaci wytworzonej (szytej na miar\u0119) platformy FCAPP w wersji WEB i integracja jej funkcjonalno\u015bci z aplikacj\u0105 mobiln\u0105 FCAPP,<br \/>\u2013 us\u0142uga zewn\u0119trzna obejmuj\u0105ca integracj\u0119 wytwarzanych rozwi\u0105za\u0144 cyfrowych z istniej\u0105c\u0105 aplikacj\u0105 mobiln\u0105,<br \/>\u2013 us\u0142uga zewn\u0119trzna obejmuj\u0105ca cyfrow\u0105 integracj\u0119 pozosta\u0142ych kluczowych proces\u00f3w biznesowych sp\u00f3\u0142ki tj.: finanse i ksi\u0119gowo\u015b\u0107; komunikacja; analityka raport\u00f3w; DEV,<br \/>\u2013 zakup \u015brodk\u00f3w trwa\u0142ych niezb\u0119dnych do wdro\u017cenia i obs\u0142ugi zintegrowanych proces\u00f3w biznesowych,<br \/>\u2013 szkolenie personelu Sp\u00f3\u0142ki w zakresie podnoszenia kompetencji cyfrowych umo\u017cliwiaj\u0105cych sprawn\u0105 realizacj\u0119 nowych oraz dotychczasowych us\u0142ug i ich przysz\u0142y rozw\u00f3j dostosowany do zmieniaj\u0105cych si\u0119 warunk\u00f3w rynkowych.<\/p>\n<p><strong>Grupy docelowe:<br \/><\/strong>Grupami docelowymi projektu s\u0105:<br \/>\u2013 FCAPP SP\u00d3\u0141KA AKCYJNA<br \/>\u2013 pracownicy Sp\u00f3\u0142ki<br \/>\u2013 odbiorcy us\u0142ug wytworzonych w ramach projektu, a w szczeg\u00f3lno\u015bci u\u017cytkownicy aplikacji tj. organizatorzy turniej\u00f3w pi\u0142karskich i skauci. Grupa docelowa pochodzi\u0107 b\u0119dzie zar\u00f3wno z terenu ca\u0142ego kraju, jak r\u00f3wnie\u017c z Europy.<\/p>\n<p><strong>Planowane efekty i rezultaty:<br \/><\/strong>Dzi\u0119ki realizacji projektu, cyfryzacji poddane zostan\u0105 kluczowe procesy biznesowe Sp\u00f3\u0142ki maj\u0105ce wp\u0142yw na efektywno\u015b\u0107 dzia\u0142ania i jej konkurencyjno\u015b\u0107, jak r\u00f3wnie\u017c stanowi\u0105ce odpowied\u017a na oczekiwania rynku w zakresie standard\u00f3w obs\u0142ugi klient\u00f3w. Wytworzona w ramach projektu platforma FCAPP w wersji WEB b\u0119dzie niezb\u0119dnym uzupe\u0142nieniem i rozwini\u0119ciem dotychczas prowadzonej dzia\u0142alno\u015bci. Dzi\u0119ki uruchomieniu platformy w zasadniczy spos\u00f3b zmieni si\u0119 proces \u015bwiadczenia us\u0142ug dla odbiorc\u00f3w. Platforma pozwoli te\u017c na wprowadzenie ca\u0142kiem nowych funkcjonalno\u015bci niedost\u0119pnych w dotychczasowej aplikacji.<\/p>\n<p><strong>Warto\u015b\u0107 projektu (ca\u0142kowity koszt projektu): 1 396 394,40 PLN<br \/><\/strong><strong>Wk\u0142ad Funduszy Europejskich: 789 647,00 PLN<br \/><\/strong><strong>#FunduszeUE \u00a0#FunduszeEuropejskie<\/strong><\/p>\n<p>[\/dipl_tabs_item][\/dipl_tabs][\/et_pb_column][\/et_pb_row][\/et_pb_section]<\/p>\n","protected":false},"excerpt":{"rendered":"<p><div class=\"et_pb_module dipl_tabs dipl_tabs_0\">\n\t\t\t\t\n\t\t\t\t\n\t\t\t\t\n\t\t\t\t\n\t\t\t\t\n\t\t\t\t\n\t\t\t\t<div class=\"et_pb_module_inner\">\n\t\t\t\t\t<div class=\"dipl_tab_wrapper\" data-trigger=\"click\">\t\t\t\t\r\n\t\t\t\t<div class=\"dipl_tabs_controls\">\r\n\t\t\t\t\t\r\n\t\t\t\t<\/div>\r\n\t\t\t\t<div class=\"dipl_tabs_content\">\r\n\t\t\t\t\t\r\n\t\t\t\t<\/div>\r\n\t\t\t<\/div>\n\t\t\t\t<\/div>\n\t\t\t<\/div><div class=\"et_pb_module dipl_tabs_item dipl_tabs_item_0 dipl_active_tab_content\">\n\t\t\t\t\n\t\t\t\t\n\t\t\t\t\n\t\t\t\t\n\t\t\t\t\n\t\t\t\t\n\t\t\t\t<div class=\"et_pb_module_inner\">\n\t\t\t\t\t<div class=\"dipl_single_tab_content\">\r\n\t\t\t\t\t\r\n\t\t\t<\/div>\n\t\t\t\t<\/div>\n\t\t\t<\/div>POPW.01.01.02-06-0002\/20-00 FCapp Sp. z o.o. realizuje umow\u0119 nr POPW.01.01.02-06-0002\/20-00 o dofinansowanie projektu: \u201eFCapp \u2013 Football Challenge App. Rozw\u00f3j aplikacji mobilnej do organizowania wydarze\u0144 sportowych\u201d w ramach Programu Operacyjnego Polska Wschodnia 2014-2020 poddzia\u0142ania 1.1.2: Rozw\u00f3j [&hellip;]<\/p>\n","protected":false},"author":2,"featured_media":0,"parent":0,"menu_order":0,"comment_status":"closed","ping_status":"closed","template":"","meta":{"_et_pb_use_builder":"on","_et_pb_old_content":"","_et_gb_content_width":"","footnotes":""},"class_list":["post-823","page","type-page","status-publish","hentry"],"_links":{"self":[{"href":"https:\/\/fcapp.eu\/sk\/wp-json\/wp\/v2\/pages\/823","targetHints":{"allow":["GET"]}}],"collection":[{"href":"https:\/\/fcapp.eu\/sk\/wp-json\/wp\/v2\/pages"}],"about":[{"href":"https:\/\/fcapp.eu\/sk\/wp-json\/wp\/v2\/types\/page"}],"author":[{"embeddable":true,"href":"https:\/\/fcapp.eu\/sk\/wp-json\/wp\/v2\/users\/2"}],"replies":[{"embeddable":true,"href":"https:\/\/fcapp.eu\/sk\/wp-json\/wp\/v2\/comments?post=823"}],"version-history":[{"count":8,"href":"https:\/\/fcapp.eu\/sk\/wp-json\/wp\/v2\/pages\/823\/revisions"}],"predecessor-version":[{"id":835,"href":"https:\/\/fcapp.eu\/sk\/wp-json\/wp\/v2\/pages\/823\/revisions\/835"}],"wp:attachment":[{"href":"https:\/\/fcapp.eu\/sk\/wp-json\/wp\/v2\/media?parent=823"}],"curies":[{"name":"wp","href":"https:\/\/api.w.org\/{rel}","templated":true}]}}